{"id":546,"date":"2022-09-27T15:54:01","date_gmt":"2022-09-27T14:54:01","guid":{"rendered":"https:\/\/speednames.com\/faq\/"},"modified":"2023-09-07T22:09:04","modified_gmt":"2023-09-07T21:09:04","slug":"faq","status":"publish","type":"page","link":"https:\/\/speednames.com\/fr\/faq\/","title":{"rendered":"FAQ"},"content":{"rendered":"\n<h2>\n\t\tQuestions fr\u00e9quemment pos\u00e9es\n\t<\/h2>\n\t\t\t\tCompte g\u00e9n\u00e9ral\n\t\t\t\tDomaines\n\t\t\t\tE-mails\n\t\t\t\t\t\t\tCompte g\u00e9n\u00e9ral\n\t\t\t\tComment acc\u00e9der \u00e0 mon compte Speednames ?\n<p>Simple. Connectez-vous \u00e0 votre portail en ligne <a href=\"https:\/\/portal.speednames.uk\/portal\/\">https:\/\/portal.speednames.uk\/portal\/<\/a><\/p>\n\t\t\t\tQue faire si je ne connais pas mon mot de passe ?\n<p>Acc\u00e9dez au portail en ligne <a href=\"https:\/\/portal.speednames.uk\/portal\/\">https:\/\/portal.speednames.uk\/portal\/<\/a> et cliquez sur \u00ab Mot de passe oubli\u00e9 ?<\/p>\n<p>Cela vous fournira des instructions sur la fa\u00e7on de r\u00e9initialiser, suivies d&rsquo;un lien de r\u00e9initialisation du mot de passe. Veuillez v\u00e9rifier vos dossiers ind\u00e9sirables\/spam pour cela.<\/p>\n<p>Veuillez noter que le lien de r\u00e9initialisation du mot de passe n&rsquo;est valable que 1 heure. Vous ne pouvez effectuer que 5 r\u00e9initialisations sur une p\u00e9riode de 24 heures.<\/p>\n\t\t\t\tComment mettre \u00e0 jour mes coordonn\u00e9es ?\n<p>En acc\u00e9dant \u00e0 votre portail en ligne, vous pouvez mettre \u00e0 jour vous-m\u00eame la plupart des d\u00e9tails <a href=\"https:\/\/portal.speednames.uk\/portal\/\">https:\/\/portal.speednames.uk\/portal\/<\/a><\/p>\n<p>Si vous avez besoin d&rsquo;une mise \u00e0 jour sp\u00e9cifique de la part de l&rsquo;\u00e9quipe, veuillez contacter <a href=\"mailto:billing@speednames.uk\">billing@speednames.uk<\/a> en fournissant la mise \u00e0 jour dont vous avez besoin et les 4 premiers caract\u00e8res de votre mot de passe.<\/p>\n<p>Veuillez noter que sans confirmer les caract\u00e8res de votre mot de passe, l&rsquo;\u00e9quipe ne peut pas vous aider.<\/p>\n\t\t\t\tComment obtenir une copie de mes factures ?\n<p>Connectez-vous \u00e0 votre portail en ligne <a href=\"https:\/\/portal.speednames.uk\/portal\/\">https:\/\/portal.speednames.uk\/portal\/.<\/a> Passez la souris sur votre nom dans le coin sup\u00e9rieur droit et dans le menu d\u00e9roulant, s\u00e9lectionnez l&rsquo;onglet Facture.<\/p>\n\t\t\t\t\t\t\tDomaines\n\t\t\t\t\t\t\tE-mails\n\n","protected":false},"excerpt":{"rendered":"<p>Questions fr\u00e9quemment pos\u00e9es Compte g\u00e9n\u00e9ral Domaines E-mails Compte g\u00e9n\u00e9ral Comment acc\u00e9der \u00e0 mon compte Speednames ? Simple. Connectez-vous \u00e0 votre portail en ligne https:\/\/portal.speednames.uk\/portal\/ Que faire si je ne connais pas mon mot de passe ? Acc\u00e9dez au portail en ligne https:\/\/portal.speednames.uk\/portal\/ et cliquez sur \u00ab Mot de passe oubli\u00e9 ? Cela vous fournira des&hellip;<\/p>\n","protected":false},"author":1,"featured_media":0,"parent":0,"menu_order":0,"comment_status":"closed","ping_status":"closed","template":"","meta":{"_acf_changed":false,"footnotes":""},"class_list":["post-546","page","type-page","status-publish","hentry"],"acf":[],"yoast_head":"<!-- This site is optimized with the Yoast SEO plugin v25.8 - https:\/\/yoast.com\/wordpress\/plugins\/seo\/ -->\n<title>FAQ - Speednames<\/title>\n<meta name=\"robots\" content=\"noindex, follow, max-snippet:-1, max-image-preview:large, max-video-preview:-1\" \/>\n<meta property=\"og:locale\" content=\"fr_FR\" \/>\n<meta property=\"og:type\" content=\"article\" \/>\n<meta property=\"og:title\" content=\"FAQ - Speednames\" \/>\n<meta property=\"og:description\" content=\"Questions fr\u00e9quemment pos\u00e9es Compte g\u00e9n\u00e9ral Domaines E-mails Compte g\u00e9n\u00e9ral Comment acc\u00e9der \u00e0 mon compte Speednames ? Simple. Connectez-vous \u00e0 votre portail en ligne https:\/\/portal.speednames.uk\/portal\/ Que faire si je ne connais pas mon mot de passe ? Acc\u00e9dez au portail en ligne https:\/\/portal.speednames.uk\/portal\/ et cliquez sur \u00ab Mot de passe oubli\u00e9 ? Cela vous fournira des&hellip;\" \/>\n<meta property=\"og:url\" content=\"https:\/\/speednames.com\/fr\/faq\/\" \/>\n<meta property=\"og:site_name\" content=\"Speednames\" \/>\n<meta property=\"article:modified_time\" content=\"2023-09-07T21:09:04+00:00\" \/>\n<meta name=\"twitter:card\" content=\"summary_large_image\" \/>\n<meta name=\"twitter:label1\" content=\"Dur\u00e9e de lecture estim\u00e9e\" \/>\n\t<meta name=\"twitter:data1\" content=\"1 minute\" \/>\n<script type=\"application\/ld+json\" class=\"yoast-schema-graph\">{\"@context\":\"https:\/\/schema.org\",\"@graph\":[{\"@type\":\"WebPage\",\"@id\":\"https:\/\/speednames.com\/fr\/faq\/\",\"url\":\"https:\/\/speednames.com\/fr\/faq\/\",\"name\":\"FAQ - Speednames\",\"isPartOf\":{\"@id\":\"https:\/\/speednames.com\/fr\/#website\"},\"datePublished\":\"2022-09-27T14:54:01+00:00\",\"dateModified\":\"2023-09-07T21:09:04+00:00\",\"breadcrumb\":{\"@id\":\"https:\/\/speednames.com\/fr\/faq\/#breadcrumb\"},\"inLanguage\":\"fr-FR\",\"potentialAction\":[{\"@type\":\"ReadAction\",\"target\":[\"https:\/\/speednames.com\/fr\/faq\/\"]}]},{\"@type\":\"BreadcrumbList\",\"@id\":\"https:\/\/speednames.com\/fr\/faq\/#breadcrumb\",\"itemListElement\":[{\"@type\":\"ListItem\",\"position\":1,\"name\":\"Home\",\"item\":\"https:\/\/speednames.com\/fr\/\"},{\"@type\":\"ListItem\",\"position\":2,\"name\":\"FAQ\"}]},{\"@type\":\"WebSite\",\"@id\":\"https:\/\/speednames.com\/fr\/#website\",\"url\":\"https:\/\/speednames.com\/fr\/\",\"name\":\"Speednames\",\"description\":\"A warm welcome to your new home at speednames.com\",\"potentialAction\":[{\"@type\":\"SearchAction\",\"target\":{\"@type\":\"EntryPoint\",\"urlTemplate\":\"https:\/\/speednames.com\/fr\/?s={search_term_string}\"},\"query-input\":{\"@type\":\"PropertyValueSpecification\",\"valueRequired\":true,\"valueName\":\"search_term_string\"}}],\"inLanguage\":\"fr-FR\"}]}<\/script>\n<!-- \/ Yoast SEO plugin. -->","yoast_head_json":{"title":"FAQ - Speednames","robots":{"index":"noindex","follow":"follow","max-snippet":"max-snippet:-1","max-image-preview":"max-image-preview:large","max-video-preview":"max-video-preview:-1"},"og_locale":"fr_FR","og_type":"article","og_title":"FAQ - Speednames","og_description":"Questions fr\u00e9quemment pos\u00e9es Compte g\u00e9n\u00e9ral Domaines E-mails Compte g\u00e9n\u00e9ral Comment acc\u00e9der \u00e0 mon compte Speednames ? Simple. Connectez-vous \u00e0 votre portail en ligne https:\/\/portal.speednames.uk\/portal\/ Que faire si je ne connais pas mon mot de passe ? Acc\u00e9dez au portail en ligne https:\/\/portal.speednames.uk\/portal\/ et cliquez sur \u00ab Mot de passe oubli\u00e9 ? Cela vous fournira des&hellip;","og_url":"https:\/\/speednames.com\/fr\/faq\/","og_site_name":"Speednames","article_modified_time":"2023-09-07T21:09:04+00:00","twitter_card":"summary_large_image","twitter_misc":{"Dur\u00e9e de lecture estim\u00e9e":"1 minute"},"schema":{"@context":"https:\/\/schema.org","@graph":[{"@type":"WebPage","@id":"https:\/\/speednames.com\/fr\/faq\/","url":"https:\/\/speednames.com\/fr\/faq\/","name":"FAQ - Speednames","isPartOf":{"@id":"https:\/\/speednames.com\/fr\/#website"},"datePublished":"2022-09-27T14:54:01+00:00","dateModified":"2023-09-07T21:09:04+00:00","breadcrumb":{"@id":"https:\/\/speednames.com\/fr\/faq\/#breadcrumb"},"inLanguage":"fr-FR","potentialAction":[{"@type":"ReadAction","target":["https:\/\/speednames.com\/fr\/faq\/"]}]},{"@type":"BreadcrumbList","@id":"https:\/\/speednames.com\/fr\/faq\/#breadcrumb","itemListElement":[{"@type":"ListItem","position":1,"name":"Home","item":"https:\/\/speednames.com\/fr\/"},{"@type":"ListItem","position":2,"name":"FAQ"}]},{"@type":"WebSite","@id":"https:\/\/speednames.com\/fr\/#website","url":"https:\/\/speednames.com\/fr\/","name":"Speednames","description":"A warm welcome to your new home at speednames.com","potentialAction":[{"@type":"SearchAction","target":{"@type":"EntryPoint","urlTemplate":"https:\/\/speednames.com\/fr\/?s={search_term_string}"},"query-input":{"@type":"PropertyValueSpecification","valueRequired":true,"valueName":"search_term_string"}}],"inLanguage":"fr-FR"}]}},"_links":{"self":[{"href":"https:\/\/speednames.com\/fr\/wp-json\/wp\/v2\/pages\/546","targetHints":{"allow":["GET"]}}],"collection":[{"href":"https:\/\/speednames.com\/fr\/wp-json\/wp\/v2\/pages"}],"about":[{"href":"https:\/\/speednames.com\/fr\/wp-json\/wp\/v2\/types\/page"}],"author":[{"embeddable":true,"href":"https:\/\/speednames.com\/fr\/wp-json\/wp\/v2\/users\/1"}],"replies":[{"embeddable":true,"href":"https:\/\/speednames.com\/fr\/wp-json\/wp\/v2\/comments?post=546"}],"version-history":[{"count":0,"href":"https:\/\/speednames.com\/fr\/wp-json\/wp\/v2\/pages\/546\/revisions"}],"wp:attachment":[{"href":"https:\/\/speednames.com\/fr\/wp-json\/wp\/v2\/media?parent=546"}],"curies":[{"name":"wp","href":"https:\/\/api.w.org\/{rel}","templated":true}]}}