{"id":550,"date":"2022-09-27T15:53:37","date_gmt":"2022-09-27T14:53:37","guid":{"rendered":"https:\/\/speednames.com\/nous-contacter\/"},"modified":"2023-09-14T12:18:06","modified_gmt":"2023-09-14T11:18:06","slug":"nous-contacter","status":"publish","type":"page","link":"https:\/\/speednames.com\/fr\/nous-contacter\/","title":{"rendered":"Nous contacter"},"content":{"rendered":"\n<h2>\n\t\tNous contacter\n\t<\/h2>\n\t<p>Veuillez remplir les informations ci-dessous avec autant d&rsquo;informations que possible, cela permettra \u00e0 l&rsquo;\u00e9quipe de comprendre la raison du contact et de l&rsquo;assistance le plus rapidement possible.<\/p>\n                <form method='post' enctype='multipart\/form-data' target='gform_ajax_frame_3' id='gform_3'  action='\/fr\/?page_id=550&#038;fl_builder#gf_3' data-formid='3'>\n                        <input name='input_20' id='input_3_20' type='hidden' class='gform_hidden'  aria-invalid=\"false\" value='https:\/\/speednames.com\/fr\/?page_id=550&amp;fl_builder' \/><h3>Your Details<\/h3>\n<label class='gfield_label gform-field-label' for='input_3_1'>Name(N\u00e9cessaire)<\/label><input name='input_1' id='input_3_1' type='text' value='' class='large'   tabindex='100' placeholder='Name' aria-required=\"true\" aria-invalid=\"false\"   \/> <label class='gfield_label gform-field-label' for='input_3_3'>Email(N\u00e9cessaire)<\/label>\n                            <input name='input_3' id='input_3_3' type='text' value='' class='large' tabindex='101'  placeholder='Email' aria-required=\"true\" aria-invalid=\"false\"  \/>\n                        <label class='gfield_label gform-field-label' for='input_3_19'>Telephone Number(N\u00e9cessaire)<\/label><input name='input_19' id='input_3_19' type='text' value='' class='large' tabindex='102' placeholder='Telephone Number' aria-required=\"true\" aria-invalid=\"false\"   \/><fieldset id=\"field_3_5\"   data-js-reload=\"field_3_5\"><legend class='gfield_label gform-field-label'>Are you an existing customer?(N\u00e9cessaire)<\/legend>\n\t\t\t\t\t<input class='gfield-choice-input' name='input_5' type='radio' value='Yes'  id='choice_3_5_0' onchange='gformToggleRadioOther( this )'  tabindex='103'  \/>\n\t\t\t\t\t<label for='choice_3_5_0' id='label_3_5_0' class='gform-field-label gform-field-label--type-inline'>Yes<\/label>\n\t\t\t\t\t<input class='gfield-choice-input' name='input_5' type='radio' value='No'  id='choice_3_5_1' onchange='gformToggleRadioOther( this )'  tabindex='104'  \/>\n\t\t\t\t\t<label for='choice_3_5_1' id='label_3_5_1' class='gform-field-label gform-field-label--type-inline'>No<\/label>\n\t\t\t<\/fieldset><h3>Existing Customer<\/h3>\n<label class='gfield_label gform-field-label' for='input_3_7'>Reason for contact(N\u00e9cessaire)<\/label><select name='input_7' id='input_3_7' class='large gfield_select' tabindex='105'   aria-required=\"true\" aria-invalid=\"false\"><option value='' selected='selected'>Reason for contact<\/option><option value='Support'>Support<\/option><option value='Billing'>Billing<\/option><option value='Domain Services'>Domain Services<\/option><\/select><label class='gfield_label gform-field-label' for='input_3_8'>Support<\/label><select name='input_8' id='input_3_8' class='large gfield_select' tabindex='106'    aria-invalid=\"false\"><option value='Password Resets'>Password Resets<\/option><option value='Email Supports'>Email Supports<\/option><option value='DNS Support'>DNS Support<\/option><option value='Other'>Other<\/option><\/select><label class='gfield_label gform-field-label' for='input_3_9'>Billing<\/label><select name='input_9' id='input_3_9' class='large gfield_select' tabindex='107'    aria-invalid=\"false\"><option value='Renewal Request'>Renewal Request<\/option><option value='Invoice Request'>Invoice Request<\/option><option value='Refund'>Refund<\/option><option value='Cancellation'>Cancellation<\/option><option value='Other'>Other<\/option><\/select><label class='gfield_label gform-field-label' for='input_3_10'>Domain Services<\/label><select name='input_10' id='input_3_10' class='large gfield_select' tabindex='108'    aria-invalid=\"false\"><option value='Domain Transfers'>Domain Transfers<\/option><option value='Domain Updates'>Domain Updates<\/option><option value='DNS\/Name Server Updates'>DNS\/Name Server Updates<\/option><option value='Other'>Other<\/option><\/select><label class='gfield_label gform-field-label' for='input_3_11'>Domain Name<\/label>If applicable, please supply your domain name with us<input name='input_11' id='input_3_11' type='text' value='' class='large'  aria-describedby=\"gfield_description_3_11\" tabindex='109' placeholder='Domain Name'  aria-invalid=\"false\"   \/> <label class='gfield_label gform-field-label' for='input_3_12'>Additional Information<\/label>Please fill in as much information as possible as to the reason for contact, if applicable you are able to attach files to this.<textarea name='input_12' id='input_3_12' class='textarea small' tabindex='110' aria-describedby=\"gfield_description_3_12\"  placeholder='Additional Information'  aria-invalid=\"false\"   rows='10' cols='50'><\/textarea><label class='gfield_label gform-field-label' for='input_3_13'>File Upload<\/label><input type='hidden' name='MAX_FILE_SIZE' value='134217728' \/><input name='input_13' id='input_3_13' type='file' class='large' aria-describedby=\"gfield_upload_rules_3_13\" onchange='javascript:gformValidateFileSize( this, 134217728 );' tabindex='111' \/>Taille max. des fichiers\u00a0: 128 MB.<label class='gfield_label gform-field-label' for='input_3_14'>Security Question<\/label>If you are an existing client, please ensure you provide the first 4 letters of your account password. If this is not received we may not be able to support. <input name='input_14' id='input_3_14' type='text' value='' class='large'  aria-describedby=\"gfield_description_3_14\" tabindex='112' placeholder='Security Question'  aria-invalid=\"false\"   \/> <h3>New Customer<\/h3>\n<label class='gfield_label gform-field-label' for='input_3_16'>Reason For Contact<\/label><select name='input_16' id='input_3_16' class='large gfield_select' tabindex='113'    aria-invalid=\"false\"><option value='General Enquiry'>General Enquiry<\/option><option value='Domain Services'>Domain Services<\/option><option value='Product Information'>Product Information<\/option><option value='Other'>Other<\/option><\/select><label class='gfield_label gform-field-label' for='input_3_17'>Additional Information<\/label>Please fill in as much information as possible as to the reason for contact, if applicable you are able to attach files to this.<textarea name='input_17' id='input_3_17' class='textarea small' tabindex='114' aria-describedby=\"gfield_description_3_17\"  placeholder='Additional Information'  aria-invalid=\"false\"   rows='10' cols='50'><\/textarea>\n         <input type='submit' id='gform_submit_button_3' class='gform_button button' value='Submit' tabindex='115' onclick='if(window[\"gf_submitting_3\"]){return false;}  window[\"gf_submitting_3\"]=true;  ' onkeypress='if( event.keyCode == 13 ){ if(window[\"gf_submitting_3\"]){return false;} window[\"gf_submitting_3\"]=true;  jQuery(\"#gform_3\").trigger(\"submit\",[true]); }' \/> <input type='hidden' name='gform_ajax' value='form_id=3&amp;title=&amp;description=&amp;tabindex=100' \/>\n            <input type='hidden' class='gform_hidden' name='is_submit_3' value='1' \/>\n            <input type='hidden' class='gform_hidden' name='gform_submit' value='3' \/>\n            <input type='hidden' class='gform_hidden' name='gform_unique_id' value='' \/>\n            <input type='hidden' class='gform_hidden' name='state_3' value='WyJ7XCI1XCI6W1wiN2JmODU4OTdjNjcxNWFmMmI2MzBmMzMxZjg3ZWRhZGFcIixcIjE4NGFjMDEyNGQ3MmQwNGE2NGFlYzZlMWZhMDk1NzFmXCJdLFwiN1wiOltcImM1OWU2MDEwNTI5NDM2NWIyMzA1MjJlZWZjZWQwNzIyXCIsXCI2N2MyZWE3YzZmN2E4MDM1ODkzMDNiNGZjZGNiODU0MFwiLFwiNWVmN2QyYzgzY2UwYjRlOWRkYjJlZTFiYmE0MWQ4ODFcIixcImIxZjBhY2YxN2JlMGJhNmVmYjliYzg2YjRiYTdkNThlXCJdLFwiOFwiOltcImU5NDFhOWVkNDA3OTZmYmUzZDQwMDcwZjlkY2Y4OWU0XCIsXCJmZjY3NDU5YmRjZWZhNWI2N2FkZjhjYmIwM2RmOGM5MlwiLFwiOTcxZDgwYTc1ZjdmZmQ4OTU0NDNiOWY5YTllOTY3YWVcIixcImU0OWQ0OTRmNGQyMDBkYjYxMzQwOTU2MjgyNjRlNjBkXCJdLFwiOVwiOltcImRjZDgxNGM2NjdhOGJlMzFhMGUzZjNhYzE5MjFkNDAzXCIsXCJiYzc4Y2IxMWY1ZGUwNTQ3MDkyMzUzMGI0MjI5NjdkYVwiLFwiYTc1NTYzYjE1NmIwY2E1ZTkyMDhkMDBhYTZlYmJhMmNcIixcImNiNWQzOGYxYmQ0ZTc2NGExNGQzYTUzYzA4NTNjY2M1XCIsXCJlNDlkNDk0ZjRkMjAwZGI2MTM0MDk1NjI4MjY0ZTYwZFwiXSxcIjEwXCI6W1wiYjcyYmIyZjQyMmNhNGUxNGI2ZTQzYzg5NGNkNTg2NjZcIixcIjMwOGM1MjM2MmVjMzQwN2VmZjY0MGI4OWY4ZGI0YWQ1XCIsXCI2N2M3ZmMxN2Y2ZWZiNGY5N2EwNjRmNGFmNDNiN2E4MVwiLFwiZTQ5ZDQ5NGY0ZDIwMGRiNjEzNDA5NTYyODI2NGU2MGRcIl0sXCIxNlwiOltcIjFlODYwMTBiMmUwZDQzZDZkMjY4M2E2OTE0NmFmMTBlXCIsXCJiMWYwYWNmMTdiZTBiYTZlZmI5YmM4NmI0YmE3ZDU4ZVwiLFwiYmVhYmIxN2E2Y2IyNzdjNGVmZDc0NDQ1ODM2Y2E0NjVcIixcImU0OWQ0OTRmNGQyMDBkYjYxMzQwOTU2MjgyNjRlNjBkXCJdfSIsImUyM2YzMjI0NDIxYzZjY2RkZGJiYTBiZWNiYjdlYTEyIl0=' \/>\n            <input type='hidden' class='gform_hidden' name='gform_target_page_number_3' id='gform_target_page_number_3' value='0' \/>\n            <input type='hidden' class='gform_hidden' name='gform_source_page_number_3' id='gform_source_page_number_3' value='1' \/>\n            <input type='hidden' name='gform_field_values' value='' \/>\n                        <\/form>\n\t\t                <iframe style='display:none;width:0px;height:0px;' src='about:blank' name='gform_ajax_frame_3' id='gform_ajax_frame_3' title='Cette iframe contient la logique n\u00e9cessaire pour manipuler Gravity Forms avec Ajax.'><\/iframe>\n\n","protected":false},"excerpt":{"rendered":"<p>Nous contacter Veuillez remplir les informations ci-dessous avec autant d&rsquo;informations que possible, cela permettra \u00e0 l&rsquo;\u00e9quipe de comprendre la raison du contact et de l&rsquo;assistance le plus rapidement possible. Your Details Name(N\u00e9cessaire) Email(N\u00e9cessaire) Telephone Number(N\u00e9cessaire) Are you an existing customer?(N\u00e9cessaire) Yes No Existing Customer Reason for contact(N\u00e9cessaire)Reason for contactSupportBillingDomain ServicesSupportPassword ResetsEmail SupportsDNS SupportOtherBillingRenewal RequestInvoice RequestRefundCancellationOtherDomain&hellip;<\/p>\n","protected":false},"author":1,"featured_media":0,"parent":0,"menu_order":0,"comment_status":"closed","ping_status":"closed","template":"","meta":{"_acf_changed":false,"footnotes":""},"class_list":["post-550","page","type-page","status-publish","hentry"],"acf":[],"yoast_head":"<!-- This site is optimized with the Yoast SEO plugin v25.8 - https:\/\/yoast.com\/wordpress\/plugins\/seo\/ -->\n<title>Nous contacter - Speednames<\/title>\n<meta name=\"robots\" content=\"noindex, follow, max-snippet:-1, max-image-preview:large, max-video-preview:-1\" \/>\n<meta property=\"og:locale\" content=\"fr_FR\" \/>\n<meta property=\"og:type\" content=\"article\" \/>\n<meta property=\"og:title\" content=\"Nous contacter - Speednames\" \/>\n<meta property=\"og:description\" content=\"Nous contacter Veuillez remplir les informations ci-dessous avec autant d&rsquo;informations que possible, cela permettra \u00e0 l&rsquo;\u00e9quipe de comprendre la raison du contact et de l&rsquo;assistance le plus rapidement possible. Your Details Name(N\u00e9cessaire) Email(N\u00e9cessaire) Telephone Number(N\u00e9cessaire) Are you an existing customer?(N\u00e9cessaire) Yes No Existing Customer Reason for contact(N\u00e9cessaire)Reason for contactSupportBillingDomain ServicesSupportPassword ResetsEmail SupportsDNS SupportOtherBillingRenewal RequestInvoice RequestRefundCancellationOtherDomain&hellip;\" \/>\n<meta property=\"og:url\" content=\"https:\/\/speednames.com\/fr\/nous-contacter\/\" \/>\n<meta property=\"og:site_name\" content=\"Speednames\" \/>\n<meta property=\"article:modified_time\" content=\"2023-09-14T11:18:06+00:00\" \/>\n<meta name=\"twitter:card\" content=\"summary_large_image\" \/>\n<meta name=\"twitter:label1\" content=\"Dur\u00e9e de lecture estim\u00e9e\" \/>\n\t<meta name=\"twitter:data1\" content=\"1 minute\" \/>\n<script type=\"application\/ld+json\" class=\"yoast-schema-graph\">{\"@context\":\"https:\/\/schema.org\",\"@graph\":[{\"@type\":\"WebPage\",\"@id\":\"https:\/\/speednames.com\/fr\/nous-contacter\/\",\"url\":\"https:\/\/speednames.com\/fr\/nous-contacter\/\",\"name\":\"Nous contacter - Speednames\",\"isPartOf\":{\"@id\":\"https:\/\/speednames.com\/fr\/#website\"},\"datePublished\":\"2022-09-27T14:53:37+00:00\",\"dateModified\":\"2023-09-14T11:18:06+00:00\",\"breadcrumb\":{\"@id\":\"https:\/\/speednames.com\/fr\/nous-contacter\/#breadcrumb\"},\"inLanguage\":\"fr-FR\",\"potentialAction\":[{\"@type\":\"ReadAction\",\"target\":[\"https:\/\/speednames.com\/fr\/nous-contacter\/\"]}]},{\"@type\":\"BreadcrumbList\",\"@id\":\"https:\/\/speednames.com\/fr\/nous-contacter\/#breadcrumb\",\"itemListElement\":[{\"@type\":\"ListItem\",\"position\":1,\"name\":\"Home\",\"item\":\"https:\/\/speednames.com\/fr\/\"},{\"@type\":\"ListItem\",\"position\":2,\"name\":\"Nous contacter\"}]},{\"@type\":\"WebSite\",\"@id\":\"https:\/\/speednames.com\/fr\/#website\",\"url\":\"https:\/\/speednames.com\/fr\/\",\"name\":\"Speednames\",\"description\":\"A warm welcome to your new home at speednames.com\",\"potentialAction\":[{\"@type\":\"SearchAction\",\"target\":{\"@type\":\"EntryPoint\",\"urlTemplate\":\"https:\/\/speednames.com\/fr\/?s={search_term_string}\"},\"query-input\":{\"@type\":\"PropertyValueSpecification\",\"valueRequired\":true,\"valueName\":\"search_term_string\"}}],\"inLanguage\":\"fr-FR\"}]}<\/script>\n<!-- \/ Yoast SEO plugin. -->","yoast_head_json":{"title":"Nous contacter - Speednames","robots":{"index":"noindex","follow":"follow","max-snippet":"max-snippet:-1","max-image-preview":"max-image-preview:large","max-video-preview":"max-video-preview:-1"},"og_locale":"fr_FR","og_type":"article","og_title":"Nous contacter - Speednames","og_description":"Nous contacter Veuillez remplir les informations ci-dessous avec autant d&rsquo;informations que possible, cela permettra \u00e0 l&rsquo;\u00e9quipe de comprendre la raison du contact et de l&rsquo;assistance le plus rapidement possible. Your Details Name(N\u00e9cessaire) Email(N\u00e9cessaire) Telephone Number(N\u00e9cessaire) Are you an existing customer?(N\u00e9cessaire) Yes No Existing Customer Reason for contact(N\u00e9cessaire)Reason for contactSupportBillingDomain ServicesSupportPassword ResetsEmail SupportsDNS SupportOtherBillingRenewal RequestInvoice RequestRefundCancellationOtherDomain&hellip;","og_url":"https:\/\/speednames.com\/fr\/nous-contacter\/","og_site_name":"Speednames","article_modified_time":"2023-09-14T11:18:06+00:00","twitter_card":"summary_large_image","twitter_misc":{"Dur\u00e9e de lecture estim\u00e9e":"1 minute"},"schema":{"@context":"https:\/\/schema.org","@graph":[{"@type":"WebPage","@id":"https:\/\/speednames.com\/fr\/nous-contacter\/","url":"https:\/\/speednames.com\/fr\/nous-contacter\/","name":"Nous contacter - Speednames","isPartOf":{"@id":"https:\/\/speednames.com\/fr\/#website"},"datePublished":"2022-09-27T14:53:37+00:00","dateModified":"2023-09-14T11:18:06+00:00","breadcrumb":{"@id":"https:\/\/speednames.com\/fr\/nous-contacter\/#breadcrumb"},"inLanguage":"fr-FR","potentialAction":[{"@type":"ReadAction","target":["https:\/\/speednames.com\/fr\/nous-contacter\/"]}]},{"@type":"BreadcrumbList","@id":"https:\/\/speednames.com\/fr\/nous-contacter\/#breadcrumb","itemListElement":[{"@type":"ListItem","position":1,"name":"Home","item":"https:\/\/speednames.com\/fr\/"},{"@type":"ListItem","position":2,"name":"Nous contacter"}]},{"@type":"WebSite","@id":"https:\/\/speednames.com\/fr\/#website","url":"https:\/\/speednames.com\/fr\/","name":"Speednames","description":"A warm welcome to your new home at speednames.com","potentialAction":[{"@type":"SearchAction","target":{"@type":"EntryPoint","urlTemplate":"https:\/\/speednames.com\/fr\/?s={search_term_string}"},"query-input":{"@type":"PropertyValueSpecification","valueRequired":true,"valueName":"search_term_string"}}],"inLanguage":"fr-FR"}]}},"_links":{"self":[{"href":"https:\/\/speednames.com\/fr\/wp-json\/wp\/v2\/pages\/550","targetHints":{"allow":["GET"]}}],"collection":[{"href":"https:\/\/speednames.com\/fr\/wp-json\/wp\/v2\/pages"}],"about":[{"href":"https:\/\/speednames.com\/fr\/wp-json\/wp\/v2\/types\/page"}],"author":[{"embeddable":true,"href":"https:\/\/speednames.com\/fr\/wp-json\/wp\/v2\/users\/1"}],"replies":[{"embeddable":true,"href":"https:\/\/speednames.com\/fr\/wp-json\/wp\/v2\/comments?post=550"}],"version-history":[{"count":0,"href":"https:\/\/speednames.com\/fr\/wp-json\/wp\/v2\/pages\/550\/revisions"}],"wp:attachment":[{"href":"https:\/\/speednames.com\/fr\/wp-json\/wp\/v2\/media?parent=550"}],"curies":[{"name":"wp","href":"https:\/\/api.w.org\/{rel}","templated":true}]}}