{"id":560,"date":"2018-07-05T11:37:00","date_gmt":"2018-07-05T10:37:00","guid":{"rendered":"https:\/\/speednames.com\/hem\/"},"modified":"2023-09-14T12:21:34","modified_gmt":"2023-09-14T11:21:34","slug":"hem","status":"publish","type":"page","link":"https:\/\/speednames.com\/sv\/","title":{"rendered":"Hem"},"content":{"rendered":"\n<h2>\n\t\tSPEEDNAMES\n\t<\/h2>\n\t<p>Varmt v\u00e4lkommen till ditt nya hem p\u00e5 speednames.com<\/p>\n<h2>\n\t\tDom\u00e4nnamn\n\t<\/h2>\n\t\t\t\t<img loading=\"lazy\" decoding=\"async\" src=\"https:\/\/speednames.com\/wp-content\/uploads\/shutterstock_627197477.jpg\" alt=\"Businesswoman,By,Window,Working,On,Laptop,In,Coffee,Shop\" itemprop=\"image\" height=\"667\" width=\"1000\" title=\"Businesswoman,By,Window,Working,On,Laptop,In,Coffee,Shop\" onerror=\"this.style.display='none'\"  \/>\n\t<ul>\n<li>Registrera dom\u00e4nnamn<\/li>\n<li>Gratis dom\u00e4nvidarebefordran och maskering<\/li>\n<li>Gratis dom\u00e4nl\u00e5sning<\/li>\n<li>DNS-kontroll<\/li>\n<li>Statusvarningar<\/li>\n<li>Skydd f\u00f6r automatisk f\u00f6rnyelse<\/li>\n<\/ul>\n<h2>\n\t\tByggare av webbplatser\n\t<\/h2>\n\t\t\t\t<img loading=\"lazy\" decoding=\"async\" src=\"https:\/\/speednames.com\/wp-content\/uploads\/shutterstock_407666284.jpg\" alt=\"Coworking,Process,,Designers,Team,Working,Modern,Office.photo,Young,Creative,Manager\" itemprop=\"image\" height=\"667\" width=\"1000\" title=\"Coworking,Process,,Designers,Team,Working,Modern,Office.photo,Young,Creative,Manager\" onerror=\"this.style.display='none'\"  \/>\n\t<ul>\n<li>\u00d6ver 300 mallar tillg\u00e4ngliga<\/li>\n<li>\u00d6ver 8 700 bilder att v\u00e4lja mellan<\/li>\n<li>Intuitiv navigering<\/li>\n<li>HTML\/CSS-design f\u00f6r avancerade anv\u00e4ndare<\/li>\n<li>Enkelt redigeringsverktyg<\/li>\n<li>Responsiv f\u00f6r mobil och surfplatta<\/li>\n<\/ul>\n<h2>\n\t\tE-post\n\t<\/h2>\n\t\t\t\t<img loading=\"lazy\" decoding=\"async\" src=\"https:\/\/speednames.com\/wp-content\/uploads\/shutterstock_2327367631.jpg\" alt=\"Pregnant,Woman,,Florist,Entrepreneur,,Flower,Designer,,Event,Manager,Using,Smartphone,\" itemprop=\"image\" height=\"665\" width=\"1000\" title=\"Pregnant,Woman,,Florist,Entrepreneur,,Flower,Designer,,Event,Manager,Using,Smartphone,\" onerror=\"this.style.display='none'\"  \/>\n\t<ul>\n<li>E-post kopplad till ditt dom\u00e4nnamn<\/li>\n<li>E-post som \u00e4r tillg\u00e4nglig var som helst i v\u00e4rlden<\/li>\n<li>\u00c5tkomst fr\u00e5n iPhone, Android eller surfplatta<\/li>\n<li>Branschledande antivirus och n\u00e4tfiske<\/li>\n<li>300 miljoner skr\u00e4ppostmeddelanden blockeras dagligen<\/li>\n<li>Integration med e-post fr\u00e5n tredje part (outlook, gmail etc.)<\/li>\n<\/ul>\n<h2>\n\t\tNyckelinformation\n\t<\/h2>\n\t\t<h4>Logga in<\/h4>\n\t\t\t<p>Tillg\u00e5ng till en onlineportal f\u00f6r att hantera ditt konto.<\/p>\t\t\n\t\t<h4>Betalning<\/h4>\n\t\t\t<p>Tillg\u00e5ng till att uppdatera dina betalningsuppgifter online f\u00f6r dina produkter.<\/p>\t\t\n\t\t<h4>Kundsupport<\/h4>\n\t\t\t<p>F\u00f6r all support, fyll i v\u00e5rt onlineformul\u00e4r<a href=\"https:\/\/speednames.com\/sv\/kontakta-oss\/\"> h\u00e4r.<\/a><\/p>\t\t\n<h2>\n\t\tBYGGARE AV N\u00c4RVARO P\u00c5 N\u00c4TET\n\t<\/h2>\n\t<iframe allowfullscreen allow=\"autoplay\" data-src=\"https:\/\/player.vimeo.com\/video\/230162342?color&amp;autopause=0&amp;loop=0&amp;muted=0&amp;title=0&amp;portrait=0&amp;byline=0&amp;h=  https:vimeo.com\"><\/iframe>\t\t\n\t\t\t\t\tPlay Video\n\t<p>En p\u00e5litlig n\u00e4rvaro p\u00e5 n\u00e4tet \u00e4r avg\u00f6rande f\u00f6r att f\u00f6retag ska lyckas p\u00e5 dagens marknad.<\/p>\n<p>Speednames erbjuder planer som \u00e4r skr\u00e4ddarsydda f\u00f6r ditt f\u00f6retags behov f\u00f6r att hj\u00e4lpa dig att komma ut p\u00e5 n\u00e4tet, skapa en professionell n\u00e4rvaro och marknadsf\u00f6ring p\u00e5 n\u00e4tet, s\u00e4lja dina produkter och tj\u00e4nster och bli mer produktiv.<\/p>\n<h3>\n\t\tPROFESSIONELL E-POST\n\t<\/h3>\n\t<iframe allowfullscreen allow=\"autoplay\" data-src=\"https:\/\/player.vimeo.com\/video\/230162403?color&amp;autopause=0&amp;loop=0&amp;muted=0&amp;title=0&amp;portrait=0&amp;byline=0&amp;h\"><\/iframe>\t\t\n\t\t\t\t\tPlay Video\n\t<p>V\u00e5r webbmailportal erbjuder dig valet att integrera med e-postprogram som Microsoft&#x2122; Outlook, Mac Mail eller Mozilla Thunderbird samt v\u00e5r webbl\u00e4sarbaserade webbmail tillg\u00e4nglig fr\u00e5n var som helst i v\u00e4rlden.<\/p>\n<p>F\u00f6r mer information om v\u00e5ra e-postinst\u00e4llningar, bes\u00f6k v\u00e5r sida med vanliga fr\u00e5gor <a href=\"https:\/\/speednames.com\/sv\/vanliga-fragor\/\">h\u00e4r.<\/a><\/p>\n<h2>\n\t\tKontakta teamet\n\t<\/h2>\n                <form method='post' enctype='multipart\/form-data' target='gform_ajax_frame_3' id='gform_3'  action='\/sv\/?fl_builder#gf_3' data-formid='3'>\n                        <input name='input_20' id='input_3_20' type='hidden' class='gform_hidden'  aria-invalid=\"false\" value='https:\/\/speednames.com\/sv\/?fl_builder' \/><h3>Your Details<\/h3>\n<label class='gfield_label gform-field-label' for='input_3_1'>Name(Obligatoriskt)<\/label><input name='input_1' id='input_3_1' type='text' value='' class='large'   tabindex='100' placeholder='Name' aria-required=\"true\" aria-invalid=\"false\"   \/> <label class='gfield_label gform-field-label' for='input_3_3'>Email(Obligatoriskt)<\/label>\n                            <input name='input_3' id='input_3_3' type='text' value='' class='large' tabindex='101'  placeholder='Email' aria-required=\"true\" aria-invalid=\"false\"  \/>\n                        <label class='gfield_label gform-field-label' for='input_3_19'>Telephone Number(Obligatoriskt)<\/label><input name='input_19' id='input_3_19' type='text' value='' class='large' tabindex='102' placeholder='Telephone Number' aria-required=\"true\" aria-invalid=\"false\"   \/><fieldset id=\"field_3_5\"   data-js-reload=\"field_3_5\"><legend class='gfield_label gform-field-label'>Are you an existing customer?(Obligatoriskt)<\/legend>\n\t\t\t\t\t<input class='gfield-choice-input' name='input_5' type='radio' value='Yes'  id='choice_3_5_0' onchange='gformToggleRadioOther( this )'  tabindex='103'  \/>\n\t\t\t\t\t<label for='choice_3_5_0' id='label_3_5_0' class='gform-field-label gform-field-label--type-inline'>Yes<\/label>\n\t\t\t\t\t<input class='gfield-choice-input' name='input_5' type='radio' value='No'  id='choice_3_5_1' onchange='gformToggleRadioOther( this )'  tabindex='104'  \/>\n\t\t\t\t\t<label for='choice_3_5_1' id='label_3_5_1' class='gform-field-label gform-field-label--type-inline'>No<\/label>\n\t\t\t<\/fieldset><h3>Existing Customer<\/h3>\n<label class='gfield_label gform-field-label' for='input_3_7'>Reason for contact(Obligatoriskt)<\/label><select name='input_7' id='input_3_7' class='large gfield_select' tabindex='105'   aria-required=\"true\" aria-invalid=\"false\"><option value='' selected='selected'>Reason for contact<\/option><option value='Support'>Support<\/option><option value='Billing'>Billing<\/option><option value='Domain Services'>Domain Services<\/option><\/select><label class='gfield_label gform-field-label' for='input_3_8'>Support<\/label><select name='input_8' id='input_3_8' class='large gfield_select' tabindex='106'    aria-invalid=\"false\"><option value='Password Resets'>Password Resets<\/option><option value='Email Supports'>Email Supports<\/option><option value='DNS Support'>DNS Support<\/option><option value='Other'>Other<\/option><\/select><label class='gfield_label gform-field-label' for='input_3_9'>Billing<\/label><select name='input_9' id='input_3_9' class='large gfield_select' tabindex='107'    aria-invalid=\"false\"><option value='Renewal Request'>Renewal Request<\/option><option value='Invoice Request'>Invoice Request<\/option><option value='Refund'>Refund<\/option><option value='Cancellation'>Cancellation<\/option><option value='Other'>Other<\/option><\/select><label class='gfield_label gform-field-label' for='input_3_10'>Domain Services<\/label><select name='input_10' id='input_3_10' class='large gfield_select' tabindex='108'    aria-invalid=\"false\"><option value='Domain Transfers'>Domain Transfers<\/option><option value='Domain Updates'>Domain Updates<\/option><option value='DNS\/Name Server Updates'>DNS\/Name Server Updates<\/option><option value='Other'>Other<\/option><\/select><label class='gfield_label gform-field-label' for='input_3_11'>Domain Name<\/label>If applicable, please supply your domain name with us<input name='input_11' id='input_3_11' type='text' value='' class='large'  aria-describedby=\"gfield_description_3_11\" tabindex='109' placeholder='Domain Name'  aria-invalid=\"false\"   \/> <label class='gfield_label gform-field-label' for='input_3_12'>Additional Information<\/label>Please fill in as much information as possible as to the reason for contact, if applicable you are able to attach files to this.<textarea name='input_12' id='input_3_12' class='textarea small' tabindex='110' aria-describedby=\"gfield_description_3_12\"  placeholder='Additional Information'  aria-invalid=\"false\"   rows='10' cols='50'><\/textarea><label class='gfield_label gform-field-label' for='input_3_13'>File Upload<\/label><input type='hidden' name='MAX_FILE_SIZE' value='134217728' \/><input name='input_13' id='input_3_13' type='file' class='large' aria-describedby=\"gfield_upload_rules_3_13\" onchange='javascript:gformValidateFileSize( this, 134217728 );' tabindex='111' \/>Max filstorlek: 128 MB.<label class='gfield_label gform-field-label' for='input_3_14'>Security Question<\/label>If you are an existing client, please ensure you provide the first 4 letters of your account password. If this is not received we may not be able to support. <input name='input_14' id='input_3_14' type='text' value='' class='large'  aria-describedby=\"gfield_description_3_14\" tabindex='112' placeholder='Security Question'  aria-invalid=\"false\"   \/> <h3>New Customer<\/h3>\n<label class='gfield_label gform-field-label' for='input_3_16'>Reason For Contact<\/label><select name='input_16' id='input_3_16' class='large gfield_select' tabindex='113'    aria-invalid=\"false\"><option value='General Enquiry'>General Enquiry<\/option><option value='Domain Services'>Domain Services<\/option><option value='Product Information'>Product Information<\/option><option value='Other'>Other<\/option><\/select><label class='gfield_label gform-field-label' for='input_3_17'>Additional Information<\/label>Please fill in as much information as possible as to the reason for contact, if applicable you are able to attach files to this.<textarea name='input_17' id='input_3_17' class='textarea small' tabindex='114' aria-describedby=\"gfield_description_3_17\"  placeholder='Additional Information'  aria-invalid=\"false\"   rows='10' cols='50'><\/textarea>\n         <input type='submit' id='gform_submit_button_3' class='gform_button button' value='Submit' tabindex='115' onclick='if(window[\"gf_submitting_3\"]){return false;}  window[\"gf_submitting_3\"]=true;  ' onkeypress='if( event.keyCode == 13 ){ if(window[\"gf_submitting_3\"]){return false;} window[\"gf_submitting_3\"]=true;  jQuery(\"#gform_3\").trigger(\"submit\",[true]); }' \/> <input type='hidden' name='gform_ajax' value='form_id=3&amp;title=&amp;description=&amp;tabindex=100' \/>\n            <input type='hidden' class='gform_hidden' name='is_submit_3' value='1' \/>\n            <input type='hidden' class='gform_hidden' name='gform_submit' value='3' \/>\n            <input type='hidden' class='gform_hidden' name='gform_unique_id' value='' \/>\n            <input type='hidden' class='gform_hidden' name='state_3' value='WyJ7XCI1XCI6W1wiN2JmODU4OTdjNjcxNWFmMmI2MzBmMzMxZjg3ZWRhZGFcIixcIjE4NGFjMDEyNGQ3MmQwNGE2NGFlYzZlMWZhMDk1NzFmXCJdLFwiN1wiOltcImM1OWU2MDEwNTI5NDM2NWIyMzA1MjJlZWZjZWQwNzIyXCIsXCI2N2MyZWE3YzZmN2E4MDM1ODkzMDNiNGZjZGNiODU0MFwiLFwiNWVmN2QyYzgzY2UwYjRlOWRkYjJlZTFiYmE0MWQ4ODFcIixcImIxZjBhY2YxN2JlMGJhNmVmYjliYzg2YjRiYTdkNThlXCJdLFwiOFwiOltcImU5NDFhOWVkNDA3OTZmYmUzZDQwMDcwZjlkY2Y4OWU0XCIsXCJmZjY3NDU5YmRjZWZhNWI2N2FkZjhjYmIwM2RmOGM5MlwiLFwiOTcxZDgwYTc1ZjdmZmQ4OTU0NDNiOWY5YTllOTY3YWVcIixcImU0OWQ0OTRmNGQyMDBkYjYxMzQwOTU2MjgyNjRlNjBkXCJdLFwiOVwiOltcImRjZDgxNGM2NjdhOGJlMzFhMGUzZjNhYzE5MjFkNDAzXCIsXCJiYzc4Y2IxMWY1ZGUwNTQ3MDkyMzUzMGI0MjI5NjdkYVwiLFwiYTc1NTYzYjE1NmIwY2E1ZTkyMDhkMDBhYTZlYmJhMmNcIixcImNiNWQzOGYxYmQ0ZTc2NGExNGQzYTUzYzA4NTNjY2M1XCIsXCJlNDlkNDk0ZjRkMjAwZGI2MTM0MDk1NjI4MjY0ZTYwZFwiXSxcIjEwXCI6W1wiYjcyYmIyZjQyMmNhNGUxNGI2ZTQzYzg5NGNkNTg2NjZcIixcIjMwOGM1MjM2MmVjMzQwN2VmZjY0MGI4OWY4ZGI0YWQ1XCIsXCI2N2M3ZmMxN2Y2ZWZiNGY5N2EwNjRmNGFmNDNiN2E4MVwiLFwiZTQ5ZDQ5NGY0ZDIwMGRiNjEzNDA5NTYyODI2NGU2MGRcIl0sXCIxNlwiOltcIjFlODYwMTBiMmUwZDQzZDZkMjY4M2E2OTE0NmFmMTBlXCIsXCJiMWYwYWNmMTdiZTBiYTZlZmI5YmM4NmI0YmE3ZDU4ZVwiLFwiYmVhYmIxN2E2Y2IyNzdjNGVmZDc0NDQ1ODM2Y2E0NjVcIixcImU0OWQ0OTRmNGQyMDBkYjYxMzQwOTU2MjgyNjRlNjBkXCJdfSIsImUyM2YzMjI0NDIxYzZjY2RkZGJiYTBiZWNiYjdlYTEyIl0=' \/>\n            <input type='hidden' class='gform_hidden' name='gform_target_page_number_3' id='gform_target_page_number_3' value='0' \/>\n            <input type='hidden' class='gform_hidden' name='gform_source_page_number_3' id='gform_source_page_number_3' value='1' \/>\n            <input type='hidden' name='gform_field_values' value='' \/>\n                        <\/form>\n\t\t                <iframe style='display:none;width:0px;height:0px;' src='about:blank' name='gform_ajax_frame_3' id='gform_ajax_frame_3' title='Denna iframe inneh\u00e5ller logiken som beh\u00f6vs f\u00f6r att hantera Gravity Forms med Ajax-st\u00f6d.'><\/iframe>\n\n","protected":false},"excerpt":{"rendered":"<p>SPEEDNAMES Varmt v\u00e4lkommen till ditt nya hem p\u00e5 speednames.com Dom\u00e4nnamn Registrera dom\u00e4nnamn Gratis dom\u00e4nvidarebefordran och maskering Gratis dom\u00e4nl\u00e5sning DNS-kontroll Statusvarningar Skydd f\u00f6r automatisk f\u00f6rnyelse Byggare av webbplatser \u00d6ver 300 mallar tillg\u00e4ngliga \u00d6ver 8 700 bilder att v\u00e4lja mellan Intuitiv navigering HTML\/CSS-design f\u00f6r avancerade anv\u00e4ndare Enkelt redigeringsverktyg Responsiv f\u00f6r mobil och surfplatta E-post E-post kopplad till&hellip;<\/p>\n","protected":false},"author":1,"featured_media":0,"parent":0,"menu_order":0,"comment_status":"closed","ping_status":"closed","template":"","meta":{"_acf_changed":false,"footnotes":""},"class_list":["post-560","page","type-page","status-publish","hentry"],"acf":[],"yoast_head":"<!-- This site is optimized with the Yoast SEO plugin v25.8 - https:\/\/yoast.com\/wordpress\/plugins\/seo\/ -->\n<title>Hem - Speednames<\/title>\n<meta name=\"robots\" content=\"noindex, follow, max-snippet:-1, max-image-preview:large, max-video-preview:-1\" \/>\n<meta property=\"og:locale\" content=\"sv_SE\" \/>\n<meta property=\"og:type\" content=\"article\" \/>\n<meta property=\"og:title\" content=\"Hem - Speednames\" \/>\n<meta property=\"og:description\" content=\"SPEEDNAMES Varmt v\u00e4lkommen till ditt nya hem p\u00e5 speednames.com Dom\u00e4nnamn Registrera dom\u00e4nnamn Gratis dom\u00e4nvidarebefordran och maskering Gratis dom\u00e4nl\u00e5sning DNS-kontroll Statusvarningar Skydd f\u00f6r automatisk f\u00f6rnyelse Byggare av webbplatser \u00d6ver 300 mallar tillg\u00e4ngliga \u00d6ver 8 700 bilder att v\u00e4lja mellan Intuitiv navigering HTML\/CSS-design f\u00f6r avancerade anv\u00e4ndare Enkelt redigeringsverktyg Responsiv f\u00f6r mobil och surfplatta E-post E-post kopplad till&hellip;\" \/>\n<meta property=\"og:url\" content=\"https:\/\/speednames.com\/sv\/\" \/>\n<meta property=\"og:site_name\" content=\"Speednames\" \/>\n<meta property=\"article:modified_time\" content=\"2023-09-14T11:21:34+00:00\" \/>\n<meta property=\"og:image\" content=\"https:\/\/speednames.com\/wp-content\/uploads\/shutterstock_627197477.jpg\" \/>\n<meta name=\"twitter:card\" content=\"summary_large_image\" \/>\n<meta name=\"twitter:label1\" content=\"Ber\u00e4knad l\u00e4stid\" \/>\n\t<meta name=\"twitter:data1\" content=\"2 minuter\" \/>\n<script type=\"application\/ld+json\" class=\"yoast-schema-graph\">{\"@context\":\"https:\/\/schema.org\",\"@graph\":[{\"@type\":\"WebPage\",\"@id\":\"https:\/\/speednames.com\/sv\/\",\"url\":\"https:\/\/speednames.com\/sv\/\",\"name\":\"Hem - Speednames\",\"isPartOf\":{\"@id\":\"https:\/\/speednames.com\/sv\/#website\"},\"primaryImageOfPage\":{\"@id\":\"https:\/\/speednames.com\/sv\/#primaryimage\"},\"image\":{\"@id\":\"https:\/\/speednames.com\/sv\/#primaryimage\"},\"thumbnailUrl\":\"https:\/\/speednames.com\/wp-content\/uploads\/shutterstock_627197477.jpg\",\"datePublished\":\"2018-07-05T10:37:00+00:00\",\"dateModified\":\"2023-09-14T11:21:34+00:00\",\"breadcrumb\":{\"@id\":\"https:\/\/speednames.com\/sv\/#breadcrumb\"},\"inLanguage\":\"sv-SE\",\"potentialAction\":[{\"@type\":\"ReadAction\",\"target\":[\"https:\/\/speednames.com\/sv\/\"]}]},{\"@type\":\"ImageObject\",\"inLanguage\":\"sv-SE\",\"@id\":\"https:\/\/speednames.com\/sv\/#primaryimage\",\"url\":\"https:\/\/speednames.com\/wp-content\/uploads\/shutterstock_627197477.jpg\",\"contentUrl\":\"https:\/\/speednames.com\/wp-content\/uploads\/shutterstock_627197477.jpg\"},{\"@type\":\"BreadcrumbList\",\"@id\":\"https:\/\/speednames.com\/sv\/#breadcrumb\",\"itemListElement\":[{\"@type\":\"ListItem\",\"position\":1,\"name\":\"Home\",\"item\":\"https:\/\/speednames.com\/sv\/\"},{\"@type\":\"ListItem\",\"position\":2,\"name\":\"Hem\"}]},{\"@type\":\"WebSite\",\"@id\":\"https:\/\/speednames.com\/sv\/#website\",\"url\":\"https:\/\/speednames.com\/sv\/\",\"name\":\"Speednames\",\"description\":\"A warm welcome to your new home at speednames.com\",\"potentialAction\":[{\"@type\":\"SearchAction\",\"target\":{\"@type\":\"EntryPoint\",\"urlTemplate\":\"https:\/\/speednames.com\/sv\/?s={search_term_string}\"},\"query-input\":{\"@type\":\"PropertyValueSpecification\",\"valueRequired\":true,\"valueName\":\"search_term_string\"}}],\"inLanguage\":\"sv-SE\"}]}<\/script>\n<!-- \/ Yoast SEO plugin. -->","yoast_head_json":{"title":"Hem - Speednames","robots":{"index":"noindex","follow":"follow","max-snippet":"max-snippet:-1","max-image-preview":"max-image-preview:large","max-video-preview":"max-video-preview:-1"},"og_locale":"sv_SE","og_type":"article","og_title":"Hem - Speednames","og_description":"SPEEDNAMES Varmt v\u00e4lkommen till ditt nya hem p\u00e5 speednames.com Dom\u00e4nnamn Registrera dom\u00e4nnamn Gratis dom\u00e4nvidarebefordran och maskering Gratis dom\u00e4nl\u00e5sning DNS-kontroll Statusvarningar Skydd f\u00f6r automatisk f\u00f6rnyelse Byggare av webbplatser \u00d6ver 300 mallar tillg\u00e4ngliga \u00d6ver 8 700 bilder att v\u00e4lja mellan Intuitiv navigering HTML\/CSS-design f\u00f6r avancerade anv\u00e4ndare Enkelt redigeringsverktyg Responsiv f\u00f6r mobil och surfplatta E-post E-post kopplad till&hellip;","og_url":"https:\/\/speednames.com\/sv\/","og_site_name":"Speednames","article_modified_time":"2023-09-14T11:21:34+00:00","og_image":[{"url":"https:\/\/speednames.com\/wp-content\/uploads\/shutterstock_627197477.jpg","type":"","width":"","height":""}],"twitter_card":"summary_large_image","twitter_misc":{"Ber\u00e4knad l\u00e4stid":"2 minuter"},"schema":{"@context":"https:\/\/schema.org","@graph":[{"@type":"WebPage","@id":"https:\/\/speednames.com\/sv\/","url":"https:\/\/speednames.com\/sv\/","name":"Hem - Speednames","isPartOf":{"@id":"https:\/\/speednames.com\/sv\/#website"},"primaryImageOfPage":{"@id":"https:\/\/speednames.com\/sv\/#primaryimage"},"image":{"@id":"https:\/\/speednames.com\/sv\/#primaryimage"},"thumbnailUrl":"https:\/\/speednames.com\/wp-content\/uploads\/shutterstock_627197477.jpg","datePublished":"2018-07-05T10:37:00+00:00","dateModified":"2023-09-14T11:21:34+00:00","breadcrumb":{"@id":"https:\/\/speednames.com\/sv\/#breadcrumb"},"inLanguage":"sv-SE","potentialAction":[{"@type":"ReadAction","target":["https:\/\/speednames.com\/sv\/"]}]},{"@type":"ImageObject","inLanguage":"sv-SE","@id":"https:\/\/speednames.com\/sv\/#primaryimage","url":"https:\/\/speednames.com\/wp-content\/uploads\/shutterstock_627197477.jpg","contentUrl":"https:\/\/speednames.com\/wp-content\/uploads\/shutterstock_627197477.jpg"},{"@type":"BreadcrumbList","@id":"https:\/\/speednames.com\/sv\/#breadcrumb","itemListElement":[{"@type":"ListItem","position":1,"name":"Home","item":"https:\/\/speednames.com\/sv\/"},{"@type":"ListItem","position":2,"name":"Hem"}]},{"@type":"WebSite","@id":"https:\/\/speednames.com\/sv\/#website","url":"https:\/\/speednames.com\/sv\/","name":"Speednames","description":"A warm welcome to your new home at speednames.com","potentialAction":[{"@type":"SearchAction","target":{"@type":"EntryPoint","urlTemplate":"https:\/\/speednames.com\/sv\/?s={search_term_string}"},"query-input":{"@type":"PropertyValueSpecification","valueRequired":true,"valueName":"search_term_string"}}],"inLanguage":"sv-SE"}]}},"_links":{"self":[{"href":"https:\/\/speednames.com\/sv\/wp-json\/wp\/v2\/pages\/560","targetHints":{"allow":["GET"]}}],"collection":[{"href":"https:\/\/speednames.com\/sv\/wp-json\/wp\/v2\/pages"}],"about":[{"href":"https:\/\/speednames.com\/sv\/wp-json\/wp\/v2\/types\/page"}],"author":[{"embeddable":true,"href":"https:\/\/speednames.com\/sv\/wp-json\/wp\/v2\/users\/1"}],"replies":[{"embeddable":true,"href":"https:\/\/speednames.com\/sv\/wp-json\/wp\/v2\/comments?post=560"}],"version-history":[{"count":0,"href":"https:\/\/speednames.com\/sv\/wp-json\/wp\/v2\/pages\/560\/revisions"}],"wp:attachment":[{"href":"https:\/\/speednames.com\/sv\/wp-json\/wp\/v2\/media?parent=560"}],"curies":[{"name":"wp","href":"https:\/\/api.w.org\/{rel}","templated":true}]}}